{"id":2037,"date":"2024-12-18T02:59:21","date_gmt":"2024-12-18T02:59:21","guid":{"rendered":"https:\/\/mj-clothing.com\/?post_type=product&#038;p=2037"},"modified":"2024-12-18T03:22:38","modified_gmt":"2024-12-18T03:22:38","slug":"womens-heated-long-coat","status":"publish","type":"product","link":"https:\/\/mj-clothing.com\/tr\/manufacturer\/womens-heated-long-coat\/","title":{"rendered":"Kad\u0131n Is\u0131tmal\u0131 Uzun Kaban"},"content":{"rendered":"<p data-sourcepos=\"1:1-1:216\">Is\u0131tmal\u0131 uzun kad\u0131n montu, so\u011fuk havalarda ola\u011fan\u00fcst\u00fc s\u0131cakl\u0131k sa\u011flamak \u00fczere tasarlanm\u0131\u015f bir d\u0131\u015f giyim t\u00fcr\u00fcd\u00fcr. Tipik olarak gizli bir cebe yerle\u015ftirilen bir pil paketi ile \u00e7al\u0131\u015fan entegre \u0131s\u0131tma elemanlar\u0131 i\u00e7erir.<\/p>\n<h3 data-sourcepos=\"3:1-3:35\"><strong>\u0130\u015fte onlar\u0131 \u00f6zel k\u0131lan \u015fey:<\/strong><\/h3>\n<ul data-sourcepos=\"5:1-8:0\">\n<li data-sourcepos=\"5:1-5:222\"><strong>\u00dcst\u00fcn S\u0131cakl\u0131k:<\/strong> Yerle\u015fik \u0131s\u0131tma elemanlar\u0131 \u0131s\u0131 \u00fcreterek montun yal\u0131t\u0131m \u00f6zelliklerini \u00f6nemli \u00f6l\u00e7\u00fcde art\u0131r\u0131r. Bu da montlar\u0131 a\u015f\u0131r\u0131 so\u011fuk iklimler veya dondurucu s\u0131cakl\u0131klardaki a\u00e7\u0131k hava etkinlikleri i\u00e7in ideal hale getirir.<\/li>\n<li data-sourcepos=\"6:1-6:159\"><strong>Konfor:<\/strong> Bir\u00e7ok model, tercihinize ve so\u011fu\u011fun \u015fiddetine g\u00f6re s\u0131cakl\u0131k seviyesini \u00f6zelle\u015ftirmenize olanak tan\u0131yan ayarlanabilir \u0131s\u0131 ayarlar\u0131 sunar.<\/li>\n<li data-sourcepos=\"7:1-8:0\"><strong>\u00c7ok y\u00f6nl\u00fcl\u00fck:<\/strong> Paltonun tasar\u0131m\u0131na ve malzemelerine ba\u011fl\u0131 olarak, g\u00fcndelik gezilerden daha resmi etkinliklere kadar \u00e7e\u015fitli durumlar i\u00e7in \u015fekillendirilebilirler.<\/li>\n<\/ul>\n<h3 data-sourcepos=\"9:1-9:56\"><strong>Kad\u0131n Is\u0131tmal\u0131 Uzun Mont se\u00e7erken dikkat edilmesi gerekenler:<\/strong><\/h3>\n<ul data-sourcepos=\"11:1-15:0\">\n<li data-sourcepos=\"11:1-11:198\"><strong>Is\u0131tma Teknolojisi:<\/strong> Farkl\u0131 markalar farkl\u0131 \u0131s\u0131tma teknolojileri kullan\u0131r. Performans ve g\u00fcvenlik \u00f6zelliklerini anlamak i\u00e7in ilgilendi\u011finiz montta kullan\u0131lan \u00f6zel teknolojiyi ara\u015ft\u0131r\u0131n.<\/li>\n<li data-sourcepos=\"12:1-12:182\"><strong>Pil \u00d6mr\u00fc:<\/strong> Pil \u00f6mr\u00fc \u00e7ok \u00f6nemlidir. Faaliyetleriniz s\u00fcresince ihtiya\u00e7lar\u0131n\u0131z\u0131 kar\u015f\u0131lad\u0131\u011f\u0131ndan emin olmak i\u00e7in pilin farkl\u0131 \u0131s\u0131 ayarlar\u0131nda ne kadar dayanaca\u011f\u0131n\u0131 g\u00f6z \u00f6n\u00fcnde bulundurun.<\/li>\n<li data-sourcepos=\"13:1-13:174\"><strong>Rahatl\u0131k ve Uyum:<\/strong> \u00dczerinize tam oturan ve rahat giyebilece\u011finiz bir mont se\u00e7in. Uyumu ve s\u0131cakl\u0131\u011f\u0131 art\u0131rmak i\u00e7in ayarlanabilir man\u015fetler, kap\u00fc\u015fonlar ve b\u00fczme ipleri gibi \u00f6zelliklere bak\u0131n.<\/li>\n<li data-sourcepos=\"14:1-15:0\"><strong>Stil ve Tasar\u0131m:<\/strong> Ki\u015fisel tarz\u0131n\u0131z\u0131 ve onu giyece\u011finiz ortamlar\u0131 tamamlayacak bir palto se\u00e7in.<\/li>\n<\/ul>\n<p data-sourcepos=\"16:1-16:186\">\u00c7ok so\u011fuk bir iklimde ya\u015f\u0131yorsan\u0131z veya k\u0131\u015f aylar\u0131nda s\u0131k s\u0131k a\u00e7\u0131k hava etkinliklerine kat\u0131l\u0131yorsan\u0131z, \u0131s\u0131tmal\u0131 bir kad\u0131n uzun montu s\u0131cak ve rahat kalmak i\u00e7in de\u011ferli bir yat\u0131r\u0131m olabilir.<\/p>","protected":false},"excerpt":{"rendered":"<table style=\"height: 602px;\" width=\"581\">\n<tbody>\n<tr>\n<td width=\"146\"><strong><b>\u00dcr\u00fcn<\/b><\/strong>\u00a0<strong><b>\u0130sim:<\/b><\/strong><\/td>\n<td width=\"601\"><strong>Kad\u0131n Is\u0131tmal\u0131 Uzun Kaban<\/strong><\/td>\n<\/tr>\n<tr>\n<td width=\"146\"><strong><b>Materlal:<\/b><\/strong><\/td>\n<td width=\"601\">\u00d6rg\u00fc<\/td>\n<\/tr>\n<tr>\n<td width=\"146\"><strong><b>Teknik:<\/b><\/strong><\/td>\n<td width=\"601\">\u0130\u015flemeli<\/td>\n<\/tr>\n<tr>\n<td width=\"146\"><strong><b>Stil:<\/b><\/strong><\/td>\n<td width=\"601\">G\u00fcndelik<\/td>\n<\/tr>\n<tr>\n<td width=\"146\"><strong><b>Renk<\/b><\/strong><strong><b>:<\/b><\/strong><\/td>\n<td width=\"601\">\u00a0\u00d6zel Renkler<\/td>\n<\/tr>\n<tr>\n<td width=\"146\"><strong><b>Boyut:<\/b><\/strong><\/td>\n<td width=\"601\">S \/M \/L \/XL \/2XL<\/td>\n<\/tr>\n<tr>\n<td width=\"146\"><strong><b>OEM\/ODM:<\/b><\/strong><\/td>\n<td width=\"601\">Kabul edilebilir<\/td>\n<\/tr>\n<tr>\n<td width=\"146\"><strong><b>Kalite:<\/b><\/strong><\/td>\n<td width=\"601\">100% Y\u00fcksek Kalite<\/td>\n<\/tr>\n<tr>\n<td width=\"146\"><strong><b>M<\/b><\/strong><strong><b>OQ:<\/b><\/strong><\/td>\n<td width=\"601\">200 Adet<\/td>\n<\/tr>\n<\/tbody>\n<\/table>","protected":false},"featured_media":2040,"template":"","meta":[],"product_brand":[],"product_cat":[39],"product_tag":[],"class_list":{"0":"post-2037","1":"product","2":"type-product","3":"status-publish","4":"has-post-thumbnail","6":"product_cat-womens-clothing","8":"first","9":"instock","10":"shipping-taxable","11":"product-type-simple"},"_links":{"self":[{"href":"https:\/\/mj-clothing.com\/tr\/wp-json\/wp\/v2\/product\/2037","targetHints":{"allow":["GET"]}}],"collection":[{"href":"https:\/\/mj-clothing.com\/tr\/wp-json\/wp\/v2\/product"}],"about":[{"href":"https:\/\/mj-clothing.com\/tr\/wp-json\/wp\/v2\/types\/product"}],"wp:featuredmedia":[{"embeddable":true,"href":"https:\/\/mj-clothing.com\/tr\/wp-json\/wp\/v2\/media\/2040"}],"wp:attachment":[{"href":"https:\/\/mj-clothing.com\/tr\/wp-json\/wp\/v2\/media?parent=2037"}],"wp:term":[{"taxonomy":"product_brand","embeddable":true,"href":"https:\/\/mj-clothing.com\/tr\/wp-json\/wp\/v2\/product_brand?post=2037"},{"taxonomy":"product_cat","embeddable":true,"href":"https:\/\/mj-clothing.com\/tr\/wp-json\/wp\/v2\/product_cat?post=2037"},{"taxonomy":"product_tag","embeddable":true,"href":"https:\/\/mj-clothing.com\/tr\/wp-json\/wp\/v2\/product_tag?post=2037"}],"curies":[{"name":"wp","href":"https:\/\/api.w.org\/{rel}","templated":true}]}}