{"id":2044,"date":"2024-12-18T03:15:03","date_gmt":"2024-12-18T03:15:03","guid":{"rendered":"https:\/\/mj-clothing.com\/?post_type=product&#038;p=2044"},"modified":"2024-12-18T03:23:05","modified_gmt":"2024-12-18T03:23:05","slug":"womens-petite-long-winter-coats","status":"publish","type":"product","link":"https:\/\/mj-clothing.com\/tr\/manufacturer\/womens-petite-long-winter-coats\/","title":{"rendered":"Bayan Minyon Uzun K\u0131\u015fl\u0131k Montlar"},"content":{"rendered":"<p data-sourcepos=\"1:1-1:158\">Bayan minyon uzun k\u0131\u015fl\u0131k montlar, k\u0131sa boylu kad\u0131nlar i\u00e7in \u00f6zel olarak tasarlan\u0131r ve uygun bir uyum ve gurur verici bir siluet sa\u011flar. \u0130\u015fte onlar\u0131 \u00f6zel k\u0131lan \u015fey:<\/p>\n<ul data-sourcepos=\"3:1-6:0\">\n<li data-sourcepos=\"3:1-3:155\"><strong>Daha K\u0131sa \u00c7er\u00e7eveler i\u00e7in Orant\u0131l\u0131:<\/strong> Bu paltolar, daha k\u0131sa g\u00f6vdeler ve i\u00e7 diki\u015fler g\u00f6z \u00f6n\u00fcnde bulundurularak tasarlanm\u0131\u015ft\u0131r ve minyon fig\u00fcrleri ezmelerini \u00f6nler.<\/li>\n<li data-sourcepos=\"4:1-4:144\"><strong>\u0130deal Uzunluk:<\/strong> Hala \"uzun\" olarak kabul edilse de, uzunluk zeminde s\u00fcr\u00fcklenmeyi veya a\u015f\u0131r\u0131 hacimli bir g\u00f6r\u00fcn\u00fcm yaratmay\u0131 \u00f6nlemek i\u00e7in ayarlan\u0131r.<\/li>\n<li data-sourcepos=\"5:1-6:0\"><strong>Geli\u015ftirilmi\u015f Uyum:<\/strong> Daha k\u0131sa kollar ve ayarlanm\u0131\u015f bel \u00e7izgileri gibi \u00f6zellikler, paltonun rahat ve orant\u0131l\u0131 bir \u015fekilde oturmas\u0131n\u0131 sa\u011flar.<\/li>\n<\/ul>\n<h3 data-sourcepos=\"7:1-7:19\"><strong>Pop\u00fcler Stiller:<\/strong><\/h3>\n<ul data-sourcepos=\"9:1-12:0\">\n<li data-sourcepos=\"9:1-9:102\"><strong>Minyon Y\u00fcn Paltolar:<\/strong> Klasik ve zamans\u0131z, genellikle peacoat veya kruvaze palto gibi stillerde.<\/li>\n<li data-sourcepos=\"10:1-10:118\"><strong>Minyon Puffer Montlar:<\/strong> M\u00fckemmel s\u0131cakl\u0131k sa\u011flar ve \u015f\u0131kl\u0131ktan daha g\u00fcndelik olana kadar \u00e7e\u015fitli uzunluklarda ve stillerde sunulur.<\/li>\n<li data-sourcepos=\"11:1-12:0\"><strong>Petite Parkas:<\/strong> So\u011fuk iklimler i\u00e7in idealdir, genellikle kap\u00fc\u015fonlu, k\u00fcrk s\u00fcslemeli ve \u00e7ok ceplidir.<\/li>\n<\/ul>\n<h3 data-sourcepos=\"13:1-13:23\"><strong>Bayan Minyon Uzun K\u0131\u015fl\u0131k Montlar Nerede Bulunur:<\/strong><\/h3>\n<p data-sourcepos=\"15:1-15:54\">Bir\u00e7ok perakendeci, minyon beden se\u00e7enekleri sunmaktad\u0131r:<\/p>\n<ul data-sourcepos=\"17:1-20:0\">\n<li data-sourcepos=\"17:1-17:58\"><strong>B\u00fcy\u00fck Ma\u011fazalar:<\/strong> Nordstrom, Macy's, Bloomingdale's<\/li>\n<li data-sourcepos=\"18:1-18:52\"><strong>\u00d6zel Perakendeciler:<\/strong> Ann Taylor, Loft, Talbots<\/li>\n<li data-sourcepos=\"19:1-20:0\"><strong>\u00c7evrimi\u00e7i Perakendeciler:<\/strong> ASOS, Nordstrom Rack, Amazon<\/li>\n<\/ul>\n<h3 data-sourcepos=\"21:1-21:22\"><strong>Se\u00e7im i\u00e7in ipu\u00e7lar\u0131:<\/strong><\/h3>\n<ul data-sourcepos=\"23:1-26:0\">\n<li data-sourcepos=\"23:1-23:102\"><strong>Kuma\u015f\u0131 d\u00fc\u015f\u00fcn\u00fcn:<\/strong> Y\u00fcn, ku\u015f t\u00fcy\u00fc veya sentetik yal\u0131t\u0131m gibi s\u0131cak ve dayan\u0131kl\u0131 kuma\u015flar aray\u0131n.<\/li>\n<li data-sourcepos=\"24:1-24:106\"><strong>Uzunlu\u011fu Kontrol Edin:<\/strong> Paltonun bacaklar\u0131n\u0131zda do\u011fru noktaya denk geldi\u011finden emin olun ve \"bo\u011fulma\" etkisinden ka\u00e7\u0131n\u0131n.<\/li>\n<li data-sourcepos=\"25:1-26:0\"><strong>Dene bakal\u0131m:<\/strong> V\u00fccudunuza tam olarak oturdu\u011fundan ve v\u00fccudunuzu d\u00fczle\u015ftirdi\u011finden emin olmak i\u00e7in her zaman minyon bir palto deneyin.<\/li>\n<\/ul>\n<p data-sourcepos=\"27:1-27:121\">K\u0131sa boylu kad\u0131nlar, \u00fczerlerine tam oturan bir Bayan Minyon Uzun K\u0131\u015fl\u0131k Mont se\u00e7erek so\u011fuk aylar boyunca s\u0131cak ve \u015f\u0131k kalabilirler.<\/p>","protected":false},"excerpt":{"rendered":"<table style=\"height: 572px;\" width=\"534\">\n<tbody>\n<tr>\n<td width=\"146\"><strong><b>\u00dcr\u00fcn<\/b><\/strong>\u00a0<strong><b>\u0130sim:<\/b><\/strong><\/td>\n<td width=\"601\"><strong>Bayan Minyon Uzun K\u0131\u015fl\u0131k Montlar<\/strong><\/td>\n<\/tr>\n<tr>\n<td width=\"146\"><strong><b>Materlal:<\/b><\/strong><\/td>\n<td width=\"601\">\u00d6rg\u00fc<\/td>\n<\/tr>\n<tr>\n<td width=\"146\"><strong><b>Teknik:<\/b><\/strong><\/td>\n<td width=\"601\">\u0130\u015flemeli<\/td>\n<\/tr>\n<tr>\n<td width=\"146\"><strong><b>Stil:<\/b><\/strong><\/td>\n<td width=\"601\">G\u00fcndelik<\/td>\n<\/tr>\n<tr>\n<td width=\"146\"><strong><b>Renk<\/b><\/strong><strong><b>:<\/b><\/strong><\/td>\n<td width=\"601\">\u00a0\u00d6zel Renkler<\/td>\n<\/tr>\n<tr>\n<td width=\"146\"><strong><b>Boyut:<\/b><\/strong><\/td>\n<td width=\"601\">S \/M \/L \/XL \/2XL<\/td>\n<\/tr>\n<tr>\n<td width=\"146\"><strong><b>OEM\/ODM:<\/b><\/strong><\/td>\n<td width=\"601\">Kabul edilebilir<\/td>\n<\/tr>\n<tr>\n<td width=\"146\"><strong><b>Kalite:<\/b><\/strong><\/td>\n<td width=\"601\">100% Y\u00fcksek Kalite<\/td>\n<\/tr>\n<tr>\n<td width=\"146\"><strong><b>M<\/b><\/strong><strong><b>OQ:<\/b><\/strong><\/td>\n<td width=\"601\">200 Adet<\/td>\n<\/tr>\n<\/tbody>\n<\/table>","protected":false},"featured_media":2045,"template":"","meta":[],"product_brand":[],"product_cat":[39],"product_tag":[],"class_list":{"0":"post-2044","1":"product","2":"type-product","3":"status-publish","4":"has-post-thumbnail","6":"product_cat-womens-clothing","8":"first","9":"instock","10":"shipping-taxable","11":"product-type-simple"},"_links":{"self":[{"href":"https:\/\/mj-clothing.com\/tr\/wp-json\/wp\/v2\/product\/2044","targetHints":{"allow":["GET"]}}],"collection":[{"href":"https:\/\/mj-clothing.com\/tr\/wp-json\/wp\/v2\/product"}],"about":[{"href":"https:\/\/mj-clothing.com\/tr\/wp-json\/wp\/v2\/types\/product"}],"wp:featuredmedia":[{"embeddable":true,"href":"https:\/\/mj-clothing.com\/tr\/wp-json\/wp\/v2\/media\/2045"}],"wp:attachment":[{"href":"https:\/\/mj-clothing.com\/tr\/wp-json\/wp\/v2\/media?parent=2044"}],"wp:term":[{"taxonomy":"product_brand","embeddable":true,"href":"https:\/\/mj-clothing.com\/tr\/wp-json\/wp\/v2\/product_brand?post=2044"},{"taxonomy":"product_cat","embeddable":true,"href":"https:\/\/mj-clothing.com\/tr\/wp-json\/wp\/v2\/product_cat?post=2044"},{"taxonomy":"product_tag","embeddable":true,"href":"https:\/\/mj-clothing.com\/tr\/wp-json\/wp\/v2\/product_tag?post=2044"}],"curies":[{"name":"wp","href":"https:\/\/api.w.org\/{rel}","templated":true}]}}