{"id":2066,"date":"2024-12-19T03:05:05","date_gmt":"2024-12-19T03:05:05","guid":{"rendered":"https:\/\/mj-clothing.com\/?post_type=product&#038;p=2066"},"modified":"2024-12-19T03:05:05","modified_gmt":"2024-12-19T03:05:05","slug":"spring-coats-for-ladies","status":"publish","type":"product","link":"https:\/\/mj-clothing.com\/tr\/manufacturer\/spring-coats-for-ladies\/","title":{"rendered":"Bayanlar \u0130\u00e7in Baharl\u0131k Montlar"},"content":{"rendered":"<p data-sourcepos=\"1:1-1:154\">Bayanlar \u0130\u00e7in Baharl\u0131k Montlar g\u00fczel bir mevsim ve gard\u0131robunuzu baz\u0131 \u015f\u0131k baharl\u0131k montlarla g\u00fcncellemek i\u00e7in m\u00fckemmel bir zaman. \u0130\u015fte bayanlar i\u00e7in birka\u00e7 pop\u00fcler se\u00e7enek:<\/p>\n<h3 data-sourcepos=\"3:1-3:19\"><strong>1. Bayanlar \u0130\u00e7in Baharl\u0131k Montlar:<\/strong><\/h3>\n<ul data-sourcepos=\"5:1-8:0\">\n<li style=\"list-style-type: none;\">\n<ul data-sourcepos=\"5:1-8:0\">\n<li data-sourcepos=\"5:1-5:94\"><strong>Klasik ve zamans\u0131z:<\/strong> Tren\u00e7kot, hem a\u015fa\u011f\u0131 hem de yukar\u0131 giyilebilen bir gard\u0131rop elyaf\u0131d\u0131r.<\/li>\n<li data-sourcepos=\"6:1-6:60\"><strong>\u00c7ok y\u00f6nl\u00fc:<\/strong> Hem ya\u011fmurlu hem de g\u00fcne\u015fli g\u00fcnler i\u00e7in m\u00fckemmeldir.<\/li>\n<li data-sourcepos=\"7:1-8:0\"><strong>\u015e\u0131k:<\/strong> Ki\u015fisel zevkinize uygun \u00e7e\u015fitli renk ve stiller aras\u0131ndan se\u00e7im yap\u0131n.<\/li>\n<\/ul>\n<\/li>\n<\/ul>\n<div class=\"attachment-container search-images\">\n<div class=\"image-container hide-from-message-actions ng-star-inserted\"><strong style=\"color: #555555; font-size: 14.4px;\">2. Denim Ceket:<\/strong><\/div>\n<\/div>\n<ul data-sourcepos=\"13:1-16:0\">\n<li style=\"list-style-type: none;\">\n<ul data-sourcepos=\"13:1-16:0\">\n<li data-sourcepos=\"13:1-13:91\"><strong>Rahat ve haval\u0131:<\/strong> Kot ceket, k\u0131yafetinize farkl\u0131 bir hava katmak i\u00e7in harika bir yoldur.<\/li>\n<li data-sourcepos=\"14:1-14:65\"><strong>\u00c7ok y\u00f6nl\u00fc:<\/strong> Kot pantolon, elbise veya eteklerle e\u015fle\u015ftirilebilir.<\/li>\n<li data-sourcepos=\"15:1-16:0\"><strong>Rahat:<\/strong> Denim dayan\u0131kl\u0131 ve rahat bir kuma\u015ft\u0131r.<\/li>\n<\/ul>\n<\/li>\n<\/ul>\n<div class=\"attachment-container search-images\">\n<div class=\"image-container hide-from-message-actions ng-star-inserted\">\n<div class=\"caption ellipsis gds-label-m-alt ng-star-inserted\" aria-hidden=\"true\"><strong style=\"color: #555555; font-size: 14.4px;\">3.Bayanlar \u0130\u00e7in Baharl\u0131k Montlar Blazer:<\/strong><\/div>\n<\/div>\n<\/div>\n<ul data-sourcepos=\"21:1-24:0\">\n<li style=\"list-style-type: none;\">\n<ul data-sourcepos=\"21:1-24:0\">\n<li data-sourcepos=\"21:1-21:75\"><strong>\u015e\u0131k ve sofistike:<\/strong> Blazer ceket, g\u00f6r\u00fcn\u00fcm\u00fcn\u00fcz\u00fc y\u00fckseltmek i\u00e7in harika bir yoldur.<\/li>\n<li data-sourcepos=\"22:1-22:80\"><strong>\u00c7ok y\u00f6nl\u00fc:<\/strong> \u0130\u015fe giderken, ak\u015fam yeme\u011fine \u00e7\u0131karken ya da rahat bir hafta sonunda giyilebilir.<\/li>\n<li data-sourcepos=\"23:1-24:0\"><strong>\u015e\u0131k:<\/strong> \u00c7e\u015fitli renkler, desenler ve stiller aras\u0131ndan se\u00e7im yap\u0131n.<\/li>\n<\/ul>\n<\/li>\n<\/ul>\n<div class=\"attachment-container search-images\">\n<div class=\"image-container hide-from-message-actions ng-star-inserted\">\n<div class=\"caption ellipsis gds-label-m-alt ng-star-inserted\" aria-hidden=\"true\"><strong style=\"color: #555555; font-size: 14.4px;\">4. Bayanlar \u0130\u00e7in Baharl\u0131k Montlar Deri Ceket:<\/strong><\/div>\n<\/div>\n<\/div>\n<ul data-sourcepos=\"29:1-32:0\">\n<li style=\"list-style-type: none;\">\n<ul data-sourcepos=\"29:1-32:0\">\n<li data-sourcepos=\"29:1-29:89\"><strong>Sinirli ve haval\u0131:<\/strong> Deri ceket, k\u0131yafetinize biraz hava katmak i\u00e7in harika bir yoldur.<\/li>\n<li data-sourcepos=\"30:1-30:46\"><strong>\u00c7ok y\u00f6nl\u00fc:<\/strong> A\u015fa\u011f\u0131 ya da yukar\u0131 giydirilebilir.<\/li>\n<li data-sourcepos=\"31:1-32:0\"><strong>\u015e\u0131k:<\/strong> \u00c7e\u015fitli renk ve stiller aras\u0131ndan se\u00e7im yap\u0131n.<\/li>\n<\/ul>\n<\/li>\n<\/ul>\n<div class=\"attachment-container search-images\">\n<div class=\"image-container hide-from-message-actions ng-star-inserted\">\n<div class=\"caption ellipsis gds-label-m-alt ng-star-inserted\" aria-hidden=\"true\"><strong style=\"color: #555555; font-size: 14.4px;\">5. Puffer Ceket:<\/strong><\/div>\n<\/div>\n<\/div>\n<ul data-sourcepos=\"37:1-40:0\">\n<li style=\"list-style-type: none;\">\n<ul data-sourcepos=\"37:1-40:0\">\n<li data-sourcepos=\"37:1-37:87\"><strong>S\u0131cak ve rahat:<\/strong> Puffer ceket, serin bahar g\u00fcnlerinde s\u0131cak kalman\u0131n harika bir yoludur.<\/li>\n<li data-sourcepos=\"38:1-38:66\"><strong>\u00c7ok y\u00f6nl\u00fc:<\/strong> Kot pantolon, tayt veya eteklerle e\u015fle\u015ftirilebilir.<\/li>\n<li data-sourcepos=\"39:1-40:0\"><strong>\u015e\u0131k:<\/strong> \u00c7e\u015fitli renk ve stiller aras\u0131ndan se\u00e7im yap\u0131n.<\/li>\n<\/ul>\n<\/li>\n<\/ul>\n<div class=\"attachment-container search-images\"><\/div>\n<p data-sourcepos=\"43:1-43:46\"><strong>M\u00fckemmel Baharl\u0131k Montu Se\u00e7mek \u0130\u00e7in \u0130pu\u00e7lar\u0131:<\/strong><\/p>\n<ul data-sourcepos=\"45:1-49:0\">\n<li data-sourcepos=\"45:1-45:184\"><strong>\u0130kliminizi g\u00f6z \u00f6n\u00fcnde bulundurun:<\/strong> S\u0131cak bir iklimde ya\u015f\u0131yorsan\u0131z, daha hafif bir palto se\u00e7mek isteyebilirsiniz. Daha so\u011fuk bir iklimde ya\u015f\u0131yorsan\u0131z, daha a\u011f\u0131r bir palto se\u00e7mek isteyebilirsiniz.<\/li>\n<li data-sourcepos=\"46:1-46:188\"><strong>Ya\u015fam tarz\u0131n\u0131z\u0131 d\u00fc\u015f\u00fcn\u00fcn:<\/strong> Aktif biriyseniz, i\u00e7inde kolay hareket edebilece\u011finiz bir palto se\u00e7mek isteyebilirsiniz. Profesyonel bir ortamda \u00e7al\u0131\u015f\u0131yorsan\u0131z, daha resmi bir palto se\u00e7mek isteyebilirsiniz.<\/li>\n<li data-sourcepos=\"47:1-47:87\"><strong>Sevdi\u011finiz bir renk se\u00e7in:<\/strong> Sevdi\u011finiz bir paltoyu giyme olas\u0131l\u0131\u011f\u0131n\u0131z daha y\u00fcksek olacakt\u0131r.<\/li>\n<li data-sourcepos=\"48:1-49:0\"><strong>Uyumu d\u00fc\u015f\u00fcn\u00fcn:<\/strong> \u0130yi oturan bir palto harika g\u00f6r\u00fcnecek ve hissettirecektir.<\/li>\n<\/ul>\n<p data-sourcepos=\"50:1-50:202\">Tarz\u0131n\u0131z ne olursa olsun, sizin i\u00e7in m\u00fckemmel bir baharl\u0131k mont var. Aralar\u0131ndan se\u00e7im yapabilece\u011finiz pek \u00e7ok harika se\u00e7enekle, t\u00fcm sezon boyunca sizi s\u0131cak ve \u015f\u0131k tutacak m\u00fckemmel montu bulaca\u011f\u0131n\u0131zdan emin olabilirsiniz.<\/p>","protected":false},"excerpt":{"rendered":"<table style=\"height: 611px;\" width=\"429\">\n<tbody>\n<tr>\n<td width=\"146\"><strong><b>\u00dcr\u00fcn<\/b><\/strong>\u00a0<strong><b>\u0130sim:<\/b><\/strong><\/td>\n<td width=\"601\"><strong>Bayanlar \u0130\u00e7in Baharl\u0131k Montlar<\/strong><\/td>\n<\/tr>\n<tr>\n<td width=\"146\"><strong><b>Materlal:<\/b><\/strong><\/td>\n<td width=\"601\">\u00d6rg\u00fc<\/td>\n<\/tr>\n<tr>\n<td width=\"146\"><strong><b>Teknik:<\/b><\/strong><\/td>\n<td width=\"601\">\u0130\u015flemeli<\/td>\n<\/tr>\n<tr>\n<td width=\"146\"><strong><b>Stil:<\/b><\/strong><\/td>\n<td width=\"601\">G\u00fcndelik<\/td>\n<\/tr>\n<tr>\n<td width=\"146\"><strong><b>Renk<\/b><\/strong><strong><b>:<\/b><\/strong><\/td>\n<td width=\"601\">\u00a0\u00d6zel Renkler<\/td>\n<\/tr>\n<tr>\n<td width=\"146\"><strong><b>Boyut:<\/b><\/strong><\/td>\n<td width=\"601\">S \/M \/L \/XL \/2XL<\/td>\n<\/tr>\n<tr>\n<td width=\"146\"><strong><b>OEM\/ODM:<\/b><\/strong><\/td>\n<td width=\"601\">Kabul edilebilir<\/td>\n<\/tr>\n<tr>\n<td width=\"146\"><strong><b>Kalite:<\/b><\/strong><\/td>\n<td width=\"601\">100% Y\u00fcksek Kalite<\/td>\n<\/tr>\n<tr>\n<td width=\"146\"><strong><b>M<\/b><\/strong><strong><b>OQ:<\/b><\/strong><\/td>\n<td width=\"601\">200 Adet<\/td>\n<\/tr>\n<\/tbody>\n<\/table>","protected":false},"featured_media":2075,"template":"","meta":[],"product_brand":[],"product_cat":[39],"product_tag":[],"class_list":{"0":"post-2066","1":"product","2":"type-product","3":"status-publish","4":"has-post-thumbnail","6":"product_cat-womens-clothing","8":"first","9":"instock","10":"shipping-taxable","11":"product-type-simple"},"_links":{"self":[{"href":"https:\/\/mj-clothing.com\/tr\/wp-json\/wp\/v2\/product\/2066","targetHints":{"allow":["GET"]}}],"collection":[{"href":"https:\/\/mj-clothing.com\/tr\/wp-json\/wp\/v2\/product"}],"about":[{"href":"https:\/\/mj-clothing.com\/tr\/wp-json\/wp\/v2\/types\/product"}],"wp:featuredmedia":[{"embeddable":true,"href":"https:\/\/mj-clothing.com\/tr\/wp-json\/wp\/v2\/media\/2075"}],"wp:attachment":[{"href":"https:\/\/mj-clothing.com\/tr\/wp-json\/wp\/v2\/media?parent=2066"}],"wp:term":[{"taxonomy":"product_brand","embeddable":true,"href":"https:\/\/mj-clothing.com\/tr\/wp-json\/wp\/v2\/product_brand?post=2066"},{"taxonomy":"product_cat","embeddable":true,"href":"https:\/\/mj-clothing.com\/tr\/wp-json\/wp\/v2\/product_cat?post=2066"},{"taxonomy":"product_tag","embeddable":true,"href":"https:\/\/mj-clothing.com\/tr\/wp-json\/wp\/v2\/product_tag?post=2066"}],"curies":[{"name":"wp","href":"https:\/\/api.w.org\/{rel}","templated":true}]}}