{"id":2080,"date":"2024-12-19T03:37:13","date_gmt":"2024-12-19T03:37:13","guid":{"rendered":"https:\/\/mj-clothing.com\/?post_type=product&#038;p=2080"},"modified":"2024-12-19T03:37:13","modified_gmt":"2024-12-19T03:37:13","slug":"womens-winter-coat","status":"publish","type":"product","link":"https:\/\/mj-clothing.com\/tr\/manufacturer\/womens-winter-coat\/","title":{"rendered":"Kad\u0131n K\u0131\u015fl\u0131k Mont"},"content":{"rendered":"<p data-sourcepos=\"1:1-1:109\">\u0130\u015fte so\u011fuk aylarda sizi s\u0131cak ve \u015f\u0131k tutacak en pop\u00fcler kad\u0131n k\u0131\u015fl\u0131k montlar\u0131ndan baz\u0131lar\u0131:<\/p>\n<h3 data-sourcepos=\"3:1-3:19\"><strong>1. Puffer Kad\u0131n K\u0131\u015fl\u0131k Mont:<\/strong><\/h3>\n<ul data-sourcepos=\"5:1-8:0\">\n<li style=\"list-style-type: none;\">\n<ul data-sourcepos=\"5:1-8:0\">\n<li data-sourcepos=\"5:1-5:113\"><strong>S\u0131cak ve rahat:<\/strong> Puffer montlar m\u00fckemmel yal\u0131t\u0131m \u00f6zellikleriyle bilinir ve bu da onlar\u0131 so\u011fuk havalar i\u00e7in m\u00fckemmel k\u0131lar.<\/li>\n<li data-sourcepos=\"6:1-6:96\"><strong>\u00c7ok y\u00f6nl\u00fc:<\/strong> Farkl\u0131 tercihlere uyacak \u015fekilde \u00e7e\u015fitli uzunluklarda, stillerde ve renklerde sunulurlar.<\/li>\n<li data-sourcepos=\"7:1-8:0\"><strong>Fonksiyonel:<\/strong> Bir\u00e7ok puffer mont kap\u00fc\u015fon, cep ve di\u011fer pratik detaylara sahiptir.<\/li>\n<\/ul>\n<\/li>\n<\/ul>\n<div class=\"attachment-container search-images\"><\/div>\n<h3 data-sourcepos=\"11:1-11:17\"><strong>2. Y\u00fcn Kad\u0131n K\u0131\u015fl\u0131k Mont:<\/strong><\/h3>\n<ul data-sourcepos=\"13:1-16:0\">\n<li style=\"list-style-type: none;\">\n<ul data-sourcepos=\"13:1-16:0\">\n<li data-sourcepos=\"13:1-13:85\"><strong>Zarif ve zamans\u0131z:<\/strong> Y\u00fcn paltolar sofistike bir g\u00f6r\u00fcn\u00fcm i\u00e7in klasik bir se\u00e7imdir.<\/li>\n<li data-sourcepos=\"14:1-14:95\"><strong>S\u0131cak ve dayan\u0131kl\u0131:<\/strong> Y\u00fcn, zorlu k\u0131\u015f ko\u015fullar\u0131na dayanabilen do\u011fal bir yal\u0131tkand\u0131r.<\/li>\n<li data-sourcepos=\"15:1-16:0\"><strong>\u00c7ok y\u00f6nl\u00fc:<\/strong> Y\u00fcn paltolar duruma g\u00f6re a\u015fa\u011f\u0131 ya da yukar\u0131 giyilebilir.<\/li>\n<\/ul>\n<\/li>\n<\/ul>\n<div class=\"attachment-container search-images\"><\/div>\n<h3 data-sourcepos=\"19:1-19:18\"><strong>3. Parka Kad\u0131n K\u0131\u015fl\u0131k Mont:<\/strong><\/h3>\n<ul data-sourcepos=\"21:1-24:0\">\n<li style=\"list-style-type: none;\">\n<ul data-sourcepos=\"21:1-24:0\">\n<li data-sourcepos=\"21:1-21:88\"><strong>S\u0131cak ve koruyucu:<\/strong> Parkalar a\u015f\u0131r\u0131 so\u011fuk havalarda sizi s\u0131cak tutmak i\u00e7in tasarlanm\u0131\u015ft\u0131r.<\/li>\n<li data-sourcepos=\"22:1-22:75\"><strong>Fonksiyonel:<\/strong> Genellikle kap\u00fc\u015fonlar\u0131, k\u00fcrk s\u00fcslemeleri ve birden fazla cepleri vard\u0131r.<\/li>\n<li data-sourcepos=\"23:1-24:0\"><strong>\u015e\u0131k:<\/strong> Parkalar, \u00f6zellikle modern tasar\u0131mlar ve renklerle \u015f\u0131k ve modaya uygun olabilir.<\/li>\n<\/ul>\n<\/li>\n<\/ul>\n<div class=\"attachment-container search-images\"><\/div>\n<h3 data-sourcepos=\"27:1-27:15\"><strong>4. Peacoat:<\/strong><\/h3>\n<ul data-sourcepos=\"29:1-32:0\">\n<li style=\"list-style-type: none;\">\n<ul data-sourcepos=\"29:1-32:0\">\n<li data-sourcepos=\"29:1-29:83\"><strong>Klasik ve denizci:<\/strong> Peakolar, denizcilik miras\u0131na sahip zamans\u0131z bir stildir.<\/li>\n<li data-sourcepos=\"30:1-30:102\"><strong>S\u0131cak ve \u015f\u0131k:<\/strong> Kal\u0131n, s\u0131cak tutan y\u00fcnden yap\u0131l\u0131rlar ve genellikle kruvaze \u00f6n y\u00fcze sahiptirler.<\/li>\n<li data-sourcepos=\"31:1-32:0\"><strong>\u00c7ok y\u00f6nl\u00fc:<\/strong> Pard\u00f6s\u00fcler duruma g\u00f6re a\u015fa\u011f\u0131 ya da yukar\u0131 giyilebilir.<\/li>\n<\/ul>\n<\/li>\n<\/ul>\n<div class=\"attachment-container search-images\"><\/div>\n<h3 data-sourcepos=\"35:1-35:20\"><strong>5. Deri Ceket:<\/strong><\/h3>\n<ul data-sourcepos=\"37:1-40:0\">\n<li style=\"list-style-type: none;\">\n<ul data-sourcepos=\"37:1-40:0\">\n<li data-sourcepos=\"37:1-37:72\"><strong>Edgy ve \u015f\u0131k:<\/strong> Deri montlar her k\u0131yafete \u015f\u0131k bir dokunu\u015f katar.<\/li>\n<li data-sourcepos=\"38:1-38:87\"><strong>Dayan\u0131kl\u0131 ve zamans\u0131z:<\/strong> Deri, uzun y\u0131llar dayanabilen dayan\u0131kl\u0131 bir malzemedir.<\/li>\n<li data-sourcepos=\"39:1-40:0\"><strong>\u00c7ok y\u00f6nl\u00fc:<\/strong> Deri montlar, stile ve duruma ba\u011fl\u0131 olarak a\u015fa\u011f\u0131 veya yukar\u0131 giyilebilir.<\/li>\n<\/ul>\n<\/li>\n<\/ul>\n<div class=\"attachment-container search-images\"><\/div>\n<h3 data-sourcepos=\"43:1-43:46\"><strong>Kad\u0131n K\u0131\u015fl\u0131k Mont Se\u00e7imi \u0130\u00e7in \u0130pu\u00e7lar\u0131:<\/strong><\/h3>\n<ul data-sourcepos=\"45:1-50:0\">\n<li data-sourcepos=\"45:1-45:91\"><strong>\u0130kliminizi g\u00f6z \u00f6n\u00fcnde bulundurun:<\/strong> Ya\u015fad\u0131\u011f\u0131n\u0131z iklime uygun bir palto se\u00e7in.<\/li>\n<li data-sourcepos=\"46:1-46:117\"><strong>Ya\u015fam tarz\u0131n\u0131z\u0131 d\u00fc\u015f\u00fcn\u00fcn:<\/strong> G\u00fcnl\u00fck aktivitelerinizi g\u00f6z \u00f6n\u00fcnde bulundurun ve pratik ve rahat bir palto se\u00e7in.<\/li>\n<li data-sourcepos=\"47:1-47:91\"><strong>Uyumuna dikkat edin:<\/strong> Palto tam oturmal\u0131 ve ne \u00e7ok dar ne de \u00e7ok bol olmal\u0131d\u0131r.<\/li>\n<li data-sourcepos=\"48:1-48:98\"><strong>Ki\u015fili\u011finize uygun bir stil se\u00e7in:<\/strong> Ki\u015fisel tarz\u0131n\u0131z\u0131 yans\u0131tan bir palto se\u00e7in.<\/li>\n<li data-sourcepos=\"49:1-50:0\"><strong>Malzemeleri g\u00f6z \u00f6n\u00fcnde bulundurun:<\/strong> Sizi s\u0131cak ve kuru tutacak y\u00fcksek kaliteli malzemeler aray\u0131n.<\/li>\n<\/ul>\n<p data-sourcepos=\"51:1-51:149\">Aralar\u0131ndan se\u00e7im yapabilece\u011finiz pek \u00e7ok farkl\u0131 stil ve malzemeyle, t\u00fcm sezon boyunca sizi s\u0131cak ve \u015f\u0131k tutacak m\u00fckemmel k\u0131\u015fl\u0131k montu bulaca\u011f\u0131n\u0131zdan emin olabilirsiniz.<\/p>","protected":false},"excerpt":{"rendered":"<table style=\"height: 602px;\" width=\"458\">\n<tbody>\n<tr>\n<td width=\"146\"><strong><b>\u00dcr\u00fcn<\/b><\/strong>\u00a0<strong><b>\u0130sim:<\/b><\/strong><\/td>\n<td width=\"601\"><strong>Kad\u0131n K\u0131\u015fl\u0131k Mont<\/strong><\/td>\n<\/tr>\n<tr>\n<td width=\"146\"><strong><b>Materlal:<\/b><\/strong><\/td>\n<td width=\"601\">\u00d6rg\u00fc<\/td>\n<\/tr>\n<tr>\n<td width=\"146\"><strong><b>Teknik:<\/b><\/strong><\/td>\n<td width=\"601\">\u0130\u015flemeli<\/td>\n<\/tr>\n<tr>\n<td width=\"146\"><strong><b>Stil:<\/b><\/strong><\/td>\n<td width=\"601\">G\u00fcndelik<\/td>\n<\/tr>\n<tr>\n<td width=\"146\"><strong><b>Renk<\/b><\/strong><strong><b>:<\/b><\/strong><\/td>\n<td width=\"601\">\u00a0\u00d6zel Renkler<\/td>\n<\/tr>\n<tr>\n<td width=\"146\"><strong><b>Boyut:<\/b><\/strong><\/td>\n<td width=\"601\">S \/M \/L \/XL \/2XL<\/td>\n<\/tr>\n<tr>\n<td width=\"146\"><strong><b>OEM\/ODM:<\/b><\/strong><\/td>\n<td width=\"601\">Kabul edilebilir<\/td>\n<\/tr>\n<tr>\n<td width=\"146\"><strong><b>Kalite:<\/b><\/strong><\/td>\n<td width=\"601\">100% Y\u00fcksek Kalite<\/td>\n<\/tr>\n<tr>\n<td width=\"146\"><strong><b>M<\/b><\/strong><strong><b>OQ:<\/b><\/strong><\/td>\n<td width=\"601\">200 Adet<\/td>\n<\/tr>\n<\/tbody>\n<\/table>","protected":false},"featured_media":2081,"template":"","meta":[],"product_brand":[],"product_cat":[39],"product_tag":[],"class_list":{"0":"post-2080","1":"product","2":"type-product","3":"status-publish","4":"has-post-thumbnail","6":"product_cat-womens-clothing","8":"first","9":"instock","10":"shipping-taxable","11":"product-type-simple"},"_links":{"self":[{"href":"https:\/\/mj-clothing.com\/tr\/wp-json\/wp\/v2\/product\/2080","targetHints":{"allow":["GET"]}}],"collection":[{"href":"https:\/\/mj-clothing.com\/tr\/wp-json\/wp\/v2\/product"}],"about":[{"href":"https:\/\/mj-clothing.com\/tr\/wp-json\/wp\/v2\/types\/product"}],"wp:featuredmedia":[{"embeddable":true,"href":"https:\/\/mj-clothing.com\/tr\/wp-json\/wp\/v2\/media\/2081"}],"wp:attachment":[{"href":"https:\/\/mj-clothing.com\/tr\/wp-json\/wp\/v2\/media?parent=2080"}],"wp:term":[{"taxonomy":"product_brand","embeddable":true,"href":"https:\/\/mj-clothing.com\/tr\/wp-json\/wp\/v2\/product_brand?post=2080"},{"taxonomy":"product_cat","embeddable":true,"href":"https:\/\/mj-clothing.com\/tr\/wp-json\/wp\/v2\/product_cat?post=2080"},{"taxonomy":"product_tag","embeddable":true,"href":"https:\/\/mj-clothing.com\/tr\/wp-json\/wp\/v2\/product_tag?post=2080"}],"curies":[{"name":"wp","href":"https:\/\/api.w.org\/{rel}","templated":true}]}}